{"id":2938,"date":"2018-05-29T00:17:15","date_gmt":"2018-05-28T23:17:15","guid":{"rendered":"https:\/\/mrm-style.com\/sr\/?page_id=2938"},"modified":"2018-06-11T14:50:28","modified_gmt":"2018-06-11T13:50:28","slug":"cookie-policy","status":"publish","type":"page","link":"https:\/\/mrm-style.com\/sr\/cookie-policy\/","title":{"rendered":"\u201cKola\u010di\u0107i\u201d (cookies)"},"content":{"rendered":"<p><em><strong>\u201cKola\u010di\u0107i\u201d (cookies)<\/strong><\/em><\/p>\n<p>Kola\u010di\u0107i\/cookies su informacije u elektronskom obliku koje se prikupljaju i \u010duvaju od strane nekih sajtova. Razlikujemo First-party cookies i Third-party cookies. First-party cookies se postavljaju od strane sajta na kojem se trenutno nalazite, ta\u010dnije \u010diji ste posetilac u tom trenutku, a Third-party kola\u010di\u0107i postavljaju neki drugi sajtovi, a uti\u010du na sajtu na kojem se trenutno nalazite, odnosno \u010diji ste posetilac u tom trenutku. Informacije koje se prikupljaju su: korisni\u010dko ime, email i ostali. Ve\u0107ina dana\u0161njih sajtova i blogova koristi cookies.<br \/>\nPode\u0161avanja kola\u010di\u0107a i informacija koje oni prikupljaju dostupni su vam direktno u va\u0161em pretra\u017eiva\u010du, u pode\u0161avanjima u okviru kategorije privatnost\/sigurnost. Kola\u010di\u0107i postoje u svrhu pobolj\u0161avanja korisni\u010dkog iskustva posetilaca sajta, ali ako odlu\u010dite da ih isklju\u010dite mo\u017eda ne\u0107ete biti u mogu\u0107nosti da vidite neke opcije na blogu.<br \/>\nPri ulasku na blog pojavi\u0107e vam se opcija i obave\u0161tenje o kola\u010di\u0107ima. Vi imate mogu\u0107nost da prihvatite ili odbijete kori\u0161\u0107enje kola\u010di\u0107a. Vi\u0161e infomacija o upotrebi kola\u010di\u0107a pro\u010ditajte na\u00a0<a href=\"http:\/\/www.allaboutcookies.org\/\"><strong>linku<\/strong><\/a>. Ukoliko niste saglasni sa ovom Politikom privatnosti molimo Vas da ne koristite ovaj blog.<br \/>\nOvaj dokument je a\u017euriran dana 23.05.2018. u skladu sa GDPR regulacijom. Saznajte vi\u0161e o\u00a0<a href=\"https:\/\/www.eugdpr.org\/\"><strong>EU General Data Protection Regulation<\/strong><\/a>.<\/p>\n","protected":false},"excerpt":{"rendered":"<p>\u201cKola\u010di\u0107i\u201d (cookies) Kola\u010di\u0107i\/cookies su informacije u elektronskom obliku koje se prikupljaju i \u010duvaju od strane nekih sajtova. Razlikujemo First-party cookies i Third-party cookies. First-party cookies se postavljaju od strane sajta na kojem se trenutno nalazite, ta\u010dnije \u010diji ste posetilac u tom trenutku, a Third-party kola\u010di\u0107i postavljaju neki drugi sajtovi, a uti\u010du na sajtu na kojem se trenutno nalazite, odnosno \u010diji ste posetilac u tom trenutku. Informacije koje se prikupljaju su: korisni\u010dko ime, email i ostali. Ve\u0107ina dana\u0161njih sajtova i blogova koristi cookies. Pode\u0161avanja kola\u010di\u0107a i informacija koje oni prikupljaju dostupni&#8230; <span class=\"more\"><a class=\"more-link\" href=\"https:\/\/mrm-style.com\/sr\/cookie-policy\/\">Read More<\/a><\/span><\/p>\n","protected":false},"author":1,"featured_media":0,"parent":0,"menu_order":0,"comment_status":"closed","ping_status":"closed","template":"","meta":{"om_disable_all_campaigns":false,"_monsterinsights_skip_tracking":false,"_monsterinsights_sitenote_active":false,"_monsterinsights_sitenote_note":"","_monsterinsights_sitenote_category":0,"footnotes":""},"class_list":["post-2938","page","type-page","status-publish","hentry"],"aioseo_notices":[],"_links":{"self":[{"href":"https:\/\/mrm-style.com\/sr\/wp-json\/wp\/v2\/pages\/2938","targetHints":{"allow":["GET"]}}],"collection":[{"href":"https:\/\/mrm-style.com\/sr\/wp-json\/wp\/v2\/pages"}],"about":[{"href":"https:\/\/mrm-style.com\/sr\/wp-json\/wp\/v2\/types\/page"}],"author":[{"embeddable":true,"href":"https:\/\/mrm-style.com\/sr\/wp-json\/wp\/v2\/users\/1"}],"replies":[{"embeddable":true,"href":"https:\/\/mrm-style.com\/sr\/wp-json\/wp\/v2\/comments?post=2938"}],"version-history":[{"count":3,"href":"https:\/\/mrm-style.com\/sr\/wp-json\/wp\/v2\/pages\/2938\/revisions"}],"predecessor-version":[{"id":3001,"href":"https:\/\/mrm-style.com\/sr\/wp-json\/wp\/v2\/pages\/2938\/revisions\/3001"}],"wp:attachment":[{"href":"https:\/\/mrm-style.com\/sr\/wp-json\/wp\/v2\/media?parent=2938"}],"curies":[{"name":"wp","href":"https:\/\/api.w.org\/{rel}","templated":true}]}}