{"id":2940,"date":"2018-05-29T00:17:46","date_gmt":"2018-05-28T23:17:46","guid":{"rendered":"https:\/\/mrm-style.com\/sr\/?page_id=2940"},"modified":"2018-10-04T22:43:37","modified_gmt":"2018-10-04T21:43:37","slug":"disclaimer","status":"publish","type":"page","link":"https:\/\/mrm-style.com\/sr\/disclaimer\/","title":{"rendered":"Izjava o odricanju od odgovornosti &#8211; Disclaimer"},"content":{"rendered":"<h3><b>Izjava o odricanju od odgovornosti<\/b><\/h3>\n<div><\/div>\n<div><\/div>\n<div><em>Osnovna pravila kori\u0161\u0107enja sajta:\u00a0<a href=\"http:\/\/www.mrm-style.com\/\" target=\"_blank\" rel=\"noopener\" data-saferedirecturl=\"https:\/\/www.google.com\/url?q=http:\/\/www.mrm-style.com&amp;source=gmail&amp;ust=1536604079964000&amp;usg=AFQjCNFCypwqsDA7O9FOti35oMY4LjFZqw\">www.mrm-style.com<\/a>\u00a0\/ &#8220;Mr.M by\u00a0Marko Tadi\u0107&#8221;<\/em><\/div>\n<div><\/div>\n<div><\/div>\n<div><strong>Ova politika va\u017ei od 23. maja 2018. godine.<\/strong><\/div>\n<div><\/div>\n<div><\/div>\n<div>Pretra\u017eivanje i \u010ditanje svih informacija koje mo\u017eete prona\u0107i na veb-stranici\u00a0<a href=\"http:\/\/www.mrm-style.com\/\" target=\"_blank\" rel=\"noopener\" data-saferedirecturl=\"https:\/\/www.google.com\/url?q=http:\/\/WWW.MRM-STYLE.COM&amp;source=gmail&amp;ust=1536604079964000&amp;usg=AFQjCNHiHBadTBWoFvoRd-1h4gKC6kmwmQ\">WWW.MRM-STYLE.COM<\/a>\u00a0je isklju\u010divo stvar\u00a0va\u0161e sopstvene volje. Ako se u kojem slu\u010daju ne sla\u017eete ili ne prihvatate navedene uslove i odredbe kori\u0161\u0107enja na\u0161eg bloga, trebali biste da prekinete kori\u0161\u0107enje ove veb-strane.<\/div>\n<div><\/div>\n<div><\/div>\n<div>Zadr\u017eavamo pravo da promenimo bilo koju odredbu ili ta\u010dku od ovih navedenih uslova i odredbi u bilo kom trenutku na ovoj veb-stranici. Savetujemo vam da povremeno\u00a0proveravate da li su podaci na ovoj stranici nedavno a\u017eurirani.<\/div>\n<div><\/div>\n<div>Na\u0161 tim se veoma\u00a0 svakodnevno\u00a0naporno trudi da pru\u017ei najnovije informacije (kroz razna temeljna istra\u017eivanja, medijska putovanja, pose\u0107ivanje seminara i savetovanja), Ne pravimo nikakve izjave ili garancije bilo koje vrste (izra\u017eene ili implicitne) o potpunosti, ta\u010dnosti, pouzdanosti ili dostupnosti bilo koje informacije, usluge, proizvoda koje se objavljuju na Mr.M by Marko Tadi\u0107 blogu za bilo koju svrhu.<\/div>\n<div><\/div>\n<div>Naro\u010dito kada su u pitanju aktuelne cene, adrese, radno vreme, telefonski brojevi, informacije o putovanjima i adrese na web adresi, savetujemo vam da sve informacije proverite na web adresi kompanije ili putem telefona. Molimo vas da za sve dodatne informacije sprovedete sopstvena dodatna istra\u017eivanja ili kontaktirate kompanije direktno telefonom, putem email adrese ili ih posetite, ako za to postoji mogu\u0107nost.<\/div>\n<div><\/div>\n<div>Mi se uvek trudimo da vam pru\u017eimo ta\u010dne informacije u trenutku objavljivanja sadr\u017eaja na na\u0161em blogu, ali neke informacije \u0107e razumljivo biti promenjene kako vreme prolazi. Ako prona\u0111ete neispravne informacije, molimo Vas da nas kontaktirate. Na\u0161 tim na \u010delu sa osniva\u010dem bloga \u0107e se potruditi da najkra\u0107em mogu\u0107em vremenskom roku\u00a0izvr\u0161i sve provere i potrudi\u0107emo se da a\u017euriramo sve informacije koje nisu bile ispravne.<\/div>\n<div><\/div>\n<div><b>Pravilnik o autorskim pravima<\/b><\/div>\n<div><\/div>\n<div>Osim ako nije druga\u010dije nazna\u010deno, ja (Marko Tadi\u0107 sa bloga Mr.M by Marko Tadi\u0107) sam zakonski vlasnik svih (pisanih, multimedijalnih i grafi\u010dkih) materijala na ovoj web stranici i ne mogu se koristiti, preispitati, (delimi\u010dno) izmeniti ili objaviti bez moje pismene saglasnosti. Link\u00a0<a href=\"http:\/\/mrm-style.com\/\" target=\"_blank\" rel=\"noopener\" data-saferedirecturl=\"https:\/\/www.google.com\/url?q=http:\/\/MRM-STYLE.COM&amp;source=gmail&amp;ust=1536604079964000&amp;usg=AFQjCNGvfWDEEa6Hud_i0lUlfuLeDOa3CQ\">MRM-STYLE.COM<\/a>, kao i samo ime bloga Mr.M by Marko Tadi\u0107 se\u00a0mora pojaviti u svim primercima bilo kojeg dela ili sadr\u017eaja, uklju\u010duju\u0107i \u010dlanke kako u pisanoj, tako i u elektronskoj formi, saop\u0161tenja za javnost i druge vrste publikacija.<\/div>\n<div><\/div>\n<div>Gostuju\u0107i blogeri i drugi koji doprinose svojim publikacijama Mr.M by Marko Tadic blogu\u00a0su odgovorni za svoj dostavljeni materijal na na\u0161oj\u00a0web stranici i moraju osigurati da njihov rad bude u skladu sa nacionalnim i relevantnim zakonima u inostranstvu.<\/div>\n<div><\/div>\n<div>Mi\u0161ljenja koja su izrazila bilo koja tre\u0107a lica su isklju\u010divo\u00a0njihova i ne predstavljaju stav ili verovanje\u00a0<a href=\"http:\/\/mrm-style.com\/\" target=\"_blank\" rel=\"noopener\" data-saferedirecturl=\"https:\/\/www.google.com\/url?q=http:\/\/MRM-STYLE.COM&amp;source=gmail&amp;ust=1536604079964000&amp;usg=AFQjCNGvfWDEEa6Hud_i0lUlfuLeDOa3CQ\">MRM-STYLE.COM<\/a>\u00a0tima. Tako\u0111e nismo odgovorni za bilo kakve netolerantne ili uvredljive komentare drugih na na\u0161em blogu.<\/div>\n<div><\/div>\n<div><\/div>\n<div><b>Informacije su informativnog karaktera<\/b><\/div>\n<div><\/div>\n<div>Sve informacije i podaci koje se plasiraju\u00a0na web stranici\u00a0<a href=\"http:\/\/mrm-style.com\/\" target=\"_blank\" rel=\"noopener\" data-saferedirecturl=\"https:\/\/www.google.com\/url?q=http:\/\/MRM-STYLE.COM&amp;source=gmail&amp;ust=1536604079964000&amp;usg=AFQjCNGvfWDEEa6Hud_i0lUlfuLeDOa3CQ\">MRM-STYLE.COM<\/a>\u00a0su isklju\u010divo op\u0161teg karaktera i na zabavan i interesantan na\u010din je izra\u017eeno li\u010dno mi\u0161ljenje vlasnika bloga Marka Tadi\u0107a i njegovih saradnika (&#8220;Mr.M by Marko Tadi\u0107&#8221;), a ne drugih lica.<\/div>\n<div><\/div>\n<div>Ne pru\u017eamo medicinske, pravne, stru\u010dne, kriminolo\u0161ke ili savete drugih vrsta koji na bilo koji na\u010din mogu da ugroze bilo koga. Sve navedene informacije koristite\u00a0na sopstveni rizik. Molimo vas da\u00a0kontaktirate direktno instituciju ili veb-stranicu za sve dodatne informacije koje su vam potrebne.<\/div>\n<div><\/div>\n<div>Ni pod kojim uslovima nismo odgovorni za bilo kakav gubitak ili \u0161tetu (uklju\u010duju\u0107i bez ograni\u010denja indirektnu ili direktan gubitak ili \u0161tetu) ili bilo kakav gubitak ili o\u0161te\u0107enje koje nastaju usled gubitka podataka ili profita koji proisti\u010du iz ili u vezi sa kori\u0161\u0107enjem Mr.M by Marko Tadi\u0107 bloga.<\/div>\n<div><\/div>\n<div>Ne mo\u017eemo se smatrati odgovornim za bilo koji prekr\u0161aj zbog prevoda, tuma\u010denja ili gre\u0161aka u gramatici i\/ili objavljivanja sadr\u017eaja na\u00a0na\u0161em web sajtu Mr.M by Marko Tadi\u0107.<\/div>\n<div><\/div>\n<div>Mr.M by Marko Tadi\u0107 tim \u0107e poku\u0161ati da odr\u017eava\u00a0<a href=\"http:\/\/www.mrm-style.com\/\" target=\"_blank\" rel=\"noopener\" data-saferedirecturl=\"https:\/\/www.google.com\/url?q=http:\/\/WWW.MRM-STYLE.COM&amp;source=gmail&amp;ust=1536604079964000&amp;usg=AFQjCNHiHBadTBWoFvoRd-1h4gKC6kmwmQ\">WWW.MRM-STYLE.COM<\/a>\u00a024 sata dnevno, 365 dana u godini, ali pristup web stranici mo\u017ee biti privremeno ili trajno obustavljen i bez prethodnog obave\u0161tenja po sopstvenom naho\u0111enju, zbog mogu\u0107ih a\u017euriranja ili tehni\u010dkih problema koji su izvan na\u0161e kontrole. Ne\u0107emo biti odgovorni ako iz bilo kog razloga veb-stranica nije dostupna u bilo kom trenutku ili u bilo kom vremenskom periodu. Mi \u0107emo poku\u0161ati da re\u0161imo sve tehni\u010dke probleme \u0161to je pre mogu\u0107e, da bi web strana\u00a0<a href=\"http:\/\/mrm-style.com\/\" target=\"_blank\" rel=\"noopener\" data-saferedirecturl=\"https:\/\/www.google.com\/url?q=http:\/\/MRM-STYLE.COM&amp;source=gmail&amp;ust=1536604079964000&amp;usg=AFQjCNGvfWDEEa6Hud_i0lUlfuLeDOa3CQ\">MRM-STYLE.COM<\/a>\u00a0mogla normalno da funkcioni\u0161e.<\/div>\n<div><\/div>\n<div><b>Izjava o privatnosti<\/b><\/div>\n<div><\/div>\n<div>Sve li\u010dne podatke\u00a0i\/ili kontaktne informacije koje su nam dostavljene su od posebnog zna\u010daja i ne\u0107emo ih na bilo koji na\u010din zloupotrebiti. Ne\u0107ete biti izlo\u017eeni bilo kakvoj vrsti spam uznemiravanja na bilo koji na\u010din i ne\u0107emo prodavati ili objaviti va\u0161e podatke drugim kompanijama. Va\u0161a sigurnost nam je veoma va\u017ena!<\/div>\n<div><\/div>\n<div>Mi nismo odgovorni za postupke privatnosti bilo kog od na\u0161ih ogla\u0161iva\u010da ili sponzora koji poma\u017eu u radu na\u0161eg bloga.<\/div>\n<div><\/div>\n<div><b>Dodatna prava<\/b><\/div>\n<div><\/div>\n<div>Mr.M by Marko Tadi\u0107 blog\u00a0zadr\u017eava pravo da promeni fokus teme na blogu, da ga ugasi, proda, promeni uslove kori\u0161\u0107enja (prebacivanje\u00a0na pla\u0107enu platformu) po sopstvenom naho\u0111enju.<\/div>\n<div><\/div>\n<div>Tako\u0111e pridr\u017eavamo se\u00a0prava ure\u0111ivanja ili brisanja komentara koje su dostavljene\u00a0<a href=\"http:\/\/mrm-style.com\/\" target=\"_blank\" rel=\"noopener\" data-saferedirecturl=\"https:\/\/www.google.com\/url?q=http:\/\/MRM-STYLE.COM&amp;source=gmail&amp;ust=1536604079964000&amp;usg=AFQjCNGvfWDEEa6Hud_i0lUlfuLeDOa3CQ\">MRM-STYLE.COM<\/a>\u00a0veb-stranicu bez obave\u0161tenja zbog:<\/div>\n<div><\/div>\n<div>&#8211; Komentara koje se smatraju ne\u017eeljenom ili spornom ne\u017eeljenom.<\/div>\n<div><\/div>\n<div>&#8211; Komentare koji mogu navoditi ili uklju\u010divati elemente\u00a0prevare ili obmane bilo koje vrste.<\/div>\n<div><\/div>\n<div>&#8211; Komentare koji sadr\u017ee neadekvatni\u00a0jezik ili izraze\u00a0 koji se mogu smatrati uvredljivim.<\/div>\n<div><\/div>\n<div>&#8211; Komentari koji napadati grupu ili osobu pojedina\u010dno na bilo koji na\u010din i na taj na\u010din ugro\u017eava sve vrste prava koja su zakonom zagarantovana.<\/div>\n<div><\/div>\n<div><\/div>\n<div><b>Ogla\u0161iva\u010di i sponzori<\/b><\/div>\n<div><\/div>\n<div>Mi nismo odgovorni za rad na\u0161ih ogla\u0161ava\u010da ili sponzora. Ako kupite proizvod ili uslugu putem\u00a0linku sa na\u0161eg bloga, morate preduzeti odre\u0111ene zakonske mere sa tom kompanijom kako biste re\u0161ili sve probleme. Za takvu vrstu problema nije odgovoran Mr.M by Marko Tadi\u0107 blog.<\/div>\n<div><\/div>\n<div>Svaki proizvod, usluga, istra\u017eivanje, statistika, citat ili druga predstavljanja o proizvodu ili uslugama treba proveriti kod proizvo\u0111a\u010da, dobavlja\u010da ili odgovaraju\u0107e kompanije koja zastupa njihove interese.<\/div>\n<div><\/div>\n<div>Da bi se Mr.M by Marko Tadi\u0107 blog pro\u0161irio, pratio sve trenutne i aktuelne trendove u svetu i kako bi pokrio sve\u00a0tro\u0161kove koje se ti\u010du odr\u017eavanja sajta i njegovog daljeg napretka,\u00a0reklame i affiliate linkovi \u0107e se prikazivati na Mr.M by Marko Tadi\u0107 blogu. Uvek \u0107emo se potruditi da vam pru\u017eimo isklju\u010divo istinite informacije o proizvodima i uslugama u koje vlasnik blog i na\u0161 tim zaista veruju. Sve recenzije na Mr.M by Marko Tadi\u0107 blogu \u0107e biti predstavljene iskreno, a mi \u0107emo u svakom postu\/\u010dlanku nazna\u010diti da li je sadr\u017eaj koji je bio plasiran u tom trenutku bio sponzorisan ili ne. Mr.M by Marko Tadi\u0107 zadr\u017eava pravo da prima sve vrste nadoknada, u vidu kompenzacija proizvodima ili usluga i finansijska nadoknada.<\/div>\n<div><\/div>\n<div><b>Pisma uredniku Mr.M by Marko Tadi\u0107 bloga<\/b><\/div>\n<div><\/div>\n<div>Pisma, e-mailovi, komentari na\u00a0blogou, odgovori na dru\u0161tvenim mre\u017eama kao \u0161to su Facebook, Pinterest, Instagram, Twitter i Linkedin, ili pitanja koja su direktno napisana autoru Mr.M by Marko Tadi\u0107 bloga\u00a0mogu se koristiti u svrhu deljenja informacija sa na\u0161om publikom, uz datu dozvolu. (Deo) ovih pisama ili elektronske po\u0161te &#8211; email, pitanja ili bilo koje druge povratne informacije mogu se koristiti u postavkama bloga, postovima ili posebnim projektima kao \u0161to su knjige ili neka druga vrsta publikacije u elektronskom ili pisanom izdanju od strane autora blog Mr.M by Marko Tadi\u0107.<\/div>\n<div><\/div>\n<div>Hvala vam\u00a0na svemu i nadam se da \u0107emo se jo\u0161 dugo dru\u017eiti u ovom online svetu.<\/div>\n<div><\/div>\n<div><i>S po\u0161tovanjem,<\/i><\/div>\n<div><\/div>\n<div><b>Marko Tadi\u0107 i Mr.M by Marko Tadi\u0107\u00a0blog tim<\/b><\/div>\n","protected":false},"excerpt":{"rendered":"<p>Izjava o odricanju od odgovornosti Osnovna pravila kori\u0161\u0107enja sajta:\u00a0www.mrm-style.com\u00a0\/ &#8220;Mr.M by\u00a0Marko Tadi\u0107&#8221; Ova politika va\u017ei od 23. maja 2018. godine. Pretra\u017eivanje i \u010ditanje svih informacija koje mo\u017eete prona\u0107i na veb-stranici\u00a0WWW.MRM-STYLE.COM\u00a0je isklju\u010divo stvar\u00a0va\u0161e sopstvene volje. Ako se u kojem slu\u010daju ne sla\u017eete ili ne prihvatate navedene uslove i odredbe kori\u0161\u0107enja na\u0161eg bloga, trebali biste da prekinete kori\u0161\u0107enje ove veb-strane. Zadr\u017eavamo pravo da promenimo bilo koju odredbu ili ta\u010dku od ovih navedenih uslova i odredbi u bilo kom trenutku na ovoj veb-stranici. Savetujemo vam da povremeno\u00a0proveravate da li su podaci na ovoj&#8230; <span class=\"more\"><a class=\"more-link\" href=\"https:\/\/mrm-style.com\/sr\/disclaimer\/\">Read More<\/a><\/span><\/p>\n","protected":false},"author":1,"featured_media":0,"parent":0,"menu_order":0,"comment_status":"closed","ping_status":"closed","template":"","meta":{"om_disable_all_campaigns":false,"_monsterinsights_skip_tracking":false,"_monsterinsights_sitenote_active":false,"_monsterinsights_sitenote_note":"","_monsterinsights_sitenote_category":0,"footnotes":""},"class_list":["post-2940","page","type-page","status-publish","hentry"],"aioseo_notices":[],"_links":{"self":[{"href":"https:\/\/mrm-style.com\/sr\/wp-json\/wp\/v2\/pages\/2940","targetHints":{"allow":["GET"]}}],"collection":[{"href":"https:\/\/mrm-style.com\/sr\/wp-json\/wp\/v2\/pages"}],"about":[{"href":"https:\/\/mrm-style.com\/sr\/wp-json\/wp\/v2\/types\/page"}],"author":[{"embeddable":true,"href":"https:\/\/mrm-style.com\/sr\/wp-json\/wp\/v2\/users\/1"}],"replies":[{"embeddable":true,"href":"https:\/\/mrm-style.com\/sr\/wp-json\/wp\/v2\/comments?post=2940"}],"version-history":[{"count":8,"href":"https:\/\/mrm-style.com\/sr\/wp-json\/wp\/v2\/pages\/2940\/revisions"}],"predecessor-version":[{"id":3366,"href":"https:\/\/mrm-style.com\/sr\/wp-json\/wp\/v2\/pages\/2940\/revisions\/3366"}],"wp:attachment":[{"href":"https:\/\/mrm-style.com\/sr\/wp-json\/wp\/v2\/media?parent=2940"}],"curies":[{"name":"wp","href":"https:\/\/api.w.org\/{rel}","templated":true}]}}