{"id":2950,"date":"2018-05-29T00:23:37","date_gmt":"2018-05-28T23:23:37","guid":{"rendered":"https:\/\/mrm-style.com\/sr\/?page_id=2950"},"modified":"2020-06-25T11:08:10","modified_gmt":"2020-06-25T10:08:10","slug":"terms-conditions","status":"publish","type":"page","link":"https:\/\/mrm-style.com\/sr\/terms-conditions\/","title":{"rendered":"Uslovi kori\u0161\u0107enja &#8211; Terms &#038; Conditions"},"content":{"rendered":"<div><b>Uslovi kori\u0161\u0107enja Mr.M by Marko Tadi\u0107 bloga<\/b><\/div>\n<div><\/div>\n<div>Dobrodo\u0161li na Mr.M by Marko Tadi\u0107 blog &#8211;\u00a0<b><u><a href=\"http:\/\/www.mrm-style.com\/\" target=\"_blank\" rel=\"noopener noreferrer\" data-saferedirecturl=\"https:\/\/www.google.com\/url?q=http:\/\/WWW.MRM-STYLE.COM&amp;source=gmail&amp;ust=1536604079928000&amp;usg=AFQjCNELNLGcTtr6ZOEYRDnv_NLqhLkkHg\">WWW.MRM-STYLE.COM<\/a><\/u><\/b>. Ako nastavite da koristite ovu web stranicu, to zna\u010di da se\u00a0sla\u017eete da \u0107ete se pridr\u017eavati slede\u0107ih uslova kori\u0161\u0107enja, koji zajedno sa na\u0161om politikom privatnosti reguli\u0161u odnos Mr.M by Marko Tadi\u0107 sa korisnicima na\u0161e web stranice. Ako se ne sla\u017eete sa bilo kojim delom ovih uslova, molimo vas\u00a0nemojte koristiti na\u0161 blog.<\/div>\n<div><\/div>\n<div>Upotreba ovog bloga podle\u017ee slede\u0107im uslovima kori\u0161\u0107enja:<\/div>\n<div><\/div>\n<div><\/div>\n<div>Sadr\u017eaj koji se nalazi na Mr.M by Marko Tadi\u0107\u00a0blogu slu\u017ei isklju\u010divo za op\u0161te informisanje. Podlo\u017eno je promenama bez prethodne najave.<\/div>\n<div><\/div>\n<div>Mr.M by Marko Tadi\u0107 blog ne pru\u017ea nikakvu garanciju u pogledu ta\u010dnosti informacija\u00a0i materijala koji su prona\u0111eni ili ponu\u0111eni na ovoj web stranici za bilo koju odre\u0111enu svrhu.<\/div>\n<div><\/div>\n<div>Poznato je da takve informacije i materijali mogu sadr\u017eati neta\u010dnosti ili gre\u0161ke i izri\u010dito ovim putem \u017eelimo da izjavimo da ne snosimo odgovornost za bilo kakve nepravilnosti ili gre\u0161ke u skladu sa zakonima u Srbiji i Evropi.<\/div>\n<div><\/div>\n<div>Va\u0161a upotreba bilo koje informacije ili materijala na ovoj web stranici je u potpunosti na sopstveni rizik, za koju mi ne\u0107emo biti odgovorni. Mi nismo ti koji smo odgovorni da obezbedimo da svi proizvodi, usluge ili informacije dostupni na ovom veb sajtu odgovaraju va\u0161im specifi\u010dnim zahtevima. Za takvu vrstu informacija obratite se proizvo\u0111a\u010du, distributeru ili kompaniji koja pru\u017ea usluge u njihovo ime.<\/div>\n<div><\/div>\n<div>Ova web stranica sadr\u017ei materijal koji je u vlasni\u0161tvu ili je licenciran od strane autora blog Mr.M by Marko Tadi\u0107 &#8211; Marka Tadi\u0107a i njegovog tima. Ovaj materijal uklju\u010duje, ali nije ograni\u010den na, dizajn, multimedijalni sadr\u017eaj, i grafiku.<\/div>\n<div><\/div>\n<div>Svaka vrsta reprodukcije, kopiranja ili kori\u0161\u0107enja informacija i materijala sa Mr.M by Marko Tadi\u0107\u00a0je zabranjena, osim u skladu sa obave\u0161tenjem o autorskim pravima, koji \u010dini deo ovih\u00a0<b>uslova<\/b>.<\/div>\n<div><\/div>\n<div>Sav sadr\u017eaj robnih marki\u00a0 na ovom blogu koje nisu vlasni\u0161tvo ili licencirane su priznate na blogu.<\/div>\n<div><\/div>\n<div>Neovla\u0161\u0107ena kori\u0161\u0107enje sadr\u017eaja ovog bloga mo\u017ee dovesti do potra\u017eivanja od\u0161tete i smatra se\u00a0krivi\u010dnim delom.<\/div>\n<div><\/div>\n<div>Mr.M by Marko Tadi\u0107 blog mo\u017ee uklju\u010divati i linkove na druge web stranice. Ovi linkovi su obezbe\u0111eni da vam pru\u017ee dodatne informacije. Oni ne zna\u010de da podr\u017eavamo web stranicu. Mi nemamo odgovornost za sadr\u017eaj koji se nalazi na tim linkovima.\u00a0Va\u0161a upotreba ove web stranice i svaki spor koji proizilazi iz takve upotrebe Mr.M by Marko Tadi\u0107 podle\u017ee zakonima Srbije.<\/div>\n","protected":false},"excerpt":{"rendered":"<p>Uslovi kori\u0161\u0107enja Mr.M by Marko Tadi\u0107 bloga Dobrodo\u0161li na Mr.M by Marko Tadi\u0107 blog &#8211;\u00a0WWW.MRM-STYLE.COM. Ako nastavite da koristite ovu web stranicu, to zna\u010di da se\u00a0sla\u017eete da \u0107ete se pridr\u017eavati slede\u0107ih uslova kori\u0161\u0107enja, koji zajedno sa na\u0161om politikom privatnosti reguli\u0161u odnos Mr.M by Marko Tadi\u0107 sa korisnicima na\u0161e web stranice. Ako se ne sla\u017eete sa bilo kojim delom ovih uslova, molimo vas\u00a0nemojte koristiti na\u0161 blog. Upotreba ovog bloga podle\u017ee slede\u0107im uslovima kori\u0161\u0107enja: Sadr\u017eaj koji se nalazi na Mr.M by Marko Tadi\u0107\u00a0blogu slu\u017ei isklju\u010divo za op\u0161te informisanje. Podlo\u017eno je promenama bez&#8230; <span class=\"more\"><a class=\"more-link\" href=\"https:\/\/mrm-style.com\/sr\/terms-conditions\/\">Read More<\/a><\/span><\/p>\n","protected":false},"author":1,"featured_media":0,"parent":0,"menu_order":0,"comment_status":"closed","ping_status":"closed","template":"","meta":{"om_disable_all_campaigns":false,"_monsterinsights_skip_tracking":false,"_monsterinsights_sitenote_active":false,"_monsterinsights_sitenote_note":"","_monsterinsights_sitenote_category":0,"footnotes":""},"class_list":["post-2950","page","type-page","status-publish","hentry"],"aioseo_notices":[],"_links":{"self":[{"href":"https:\/\/mrm-style.com\/sr\/wp-json\/wp\/v2\/pages\/2950","targetHints":{"allow":["GET"]}}],"collection":[{"href":"https:\/\/mrm-style.com\/sr\/wp-json\/wp\/v2\/pages"}],"about":[{"href":"https:\/\/mrm-style.com\/sr\/wp-json\/wp\/v2\/types\/page"}],"author":[{"embeddable":true,"href":"https:\/\/mrm-style.com\/sr\/wp-json\/wp\/v2\/users\/1"}],"replies":[{"embeddable":true,"href":"https:\/\/mrm-style.com\/sr\/wp-json\/wp\/v2\/comments?post=2950"}],"version-history":[{"count":4,"href":"https:\/\/mrm-style.com\/sr\/wp-json\/wp\/v2\/pages\/2950\/revisions"}],"predecessor-version":[{"id":5872,"href":"https:\/\/mrm-style.com\/sr\/wp-json\/wp\/v2\/pages\/2950\/revisions\/5872"}],"wp:attachment":[{"href":"https:\/\/mrm-style.com\/sr\/wp-json\/wp\/v2\/media?parent=2950"}],"curies":[{"name":"wp","href":"https:\/\/api.w.org\/{rel}","templated":true}]}}