{"id":855,"date":"2015-04-22T14:43:42","date_gmt":"2015-04-22T14:43:42","guid":{"rendered":"http:\/\/themes.pixelwars.org\/editor\/?page_id=855"},"modified":"2025-12-27T09:20:53","modified_gmt":"2025-12-27T08:20:53","slug":"kontakt","status":"publish","type":"page","link":"https:\/\/mrm-style.com\/sr\/kontakt\/","title":{"rendered":"Kontakt"},"content":{"rendered":"<h4>Dobrodo\u0161li!<\/h4>\n<p>Dopada Vam se moj blog i \u017eelite ne\u0161to da mi ka\u017eete? Za sve vrste predloga, sugestija i primedbi mo\u017eete mi se obratiti putem obrasca koji mo\u017eete prona\u0107i na kraju ove strane i bi\u0107e mi zadovoljstvo da pro\u010ditam Va\u0161u poruku i odgovorim u najkra\u0107em vremenskom roku. \ud83d\ude42<\/p>\n<p><em>Bi\u0107e mi zadovoljstvo da \u010dujem Va\u0161e mi\u0161ljenje!\u00a0<\/em><\/p>\n<h3>Poslovne saradnje i pozivnice<\/h3>\n<p><em><strong>Mr.M by Marko Tadi\u0107<\/strong><\/em> blog predstavlja jednu retku riznicu u kojoj mo\u017eete prona\u0107i sve \u0161to Vas zanima o modi, putovanjima i na\u010dinu \u017eivota (lifestyle).<\/p>\n<p>Za sva pitanja u vezi rada na blogu, sugestije \u0161ta biste voleli da pro\u010ditate novo od sadr\u017eaja, mo\u017eete me kontaktirati putem formulara ili putem mail adrese: <a href=\"mailto:tadic.markom@gmail.com\"><em><strong>tadic.markom@gmail.com<\/strong><\/em><\/a><\/p>\n<p>Ako \u017eelite da saznate ne\u0161to vi\u0161e o meni, posetite stranicu <a href=\"https:\/\/mrm-style.com\/sr\/o-meni\/\"><em><strong>O MENI<\/strong><\/em><\/a>.<\/p>\n<p>Moj rad mo\u017eete pratiti i na <em><strong>Linkedin<\/strong><\/em> poslovnoj mre\u017ei.<\/p>\n<p><a href=\"http:\/\/www.linkedin.com\/in\/markotadicbloger\"><img loading=\"lazy\" decoding=\"async\" class=\"alignnone size-full wp-image-2441\" src=\"https:\/\/mrm-style.com\/sr\/wp-content\/uploads\/2017\/12\/Marko-Tadic-2.png\" alt=\"\" width=\"336\" height=\"192\" srcset=\"https:\/\/mrm-style.com\/sr\/wp-content\/uploads\/2017\/12\/Marko-Tadic-2.png 336w, https:\/\/mrm-style.com\/sr\/wp-content\/uploads\/2017\/12\/Marko-Tadic-2-300x171.png 300w\" sizes=\"auto, (max-width: 336px) 100vw, 336px\" \/><\/a><\/p>\n<p><em>Blogerski pozdrav!<\/em><\/p>\n<h4><em>Marko Tadi\u0107<\/em><\/h4>\n<div class=\"contact-form\">\n<form id=\"contact-form\" class=\"validate-form\" method=\"post\" action=\"https:\/\/mrm-style.com\/sr\/wp-content\/plugins\/impose-shortcodes\/send-mail.php\"><input type=\"hidden\" id=\"sender_domain\" name=\"sender_domain\" value=\"server@mrm-style.com\"><input type=\"hidden\" id=\"subject\" name=\"subject\" value=\"Contact form Mrm-Style.com\"><\/p>\n<p><label for=\"name\">NAME<\/label><input type=\"text\" id=\"name\" name=\"name\" class=\"required\"><\/p>\n<p><label for=\"email\">EMAIL<\/label><input type=\"text\" id=\"email\" name=\"email\" class=\"required email\"><\/p>\n<p><label for=\"message\">MESSAGE<\/label><textarea id=\"message\" name=\"message\" class=\"required\"><\/textarea><\/p>\n<p style=\"padding: 0px; margin: 0px;\"><input type=\"hidden\" id=\"captcha\" name=\"captcha\" value=\"no\"><\/p>\n<p><button class=\"submit button\"><span class=\"submit-label\">Submit<\/span><span class=\"submit-status\"><\/span><\/button><\/p>\n<\/form>\n<\/div>\n","protected":false},"excerpt":{"rendered":"<p>Dobrodo\u0161li! Dopada Vam se moj blog i \u017eelite ne\u0161to da mi ka\u017eete? Za sve vrste predloga, sugestija i primedbi mo\u017eete mi se obratiti putem obrasca koji mo\u017eete prona\u0107i na kraju ove strane i bi\u0107e mi zadovoljstvo da pro\u010ditam Va\u0161u poruku i odgovorim u najkra\u0107em vremenskom roku. \ud83d\ude42 Bi\u0107e mi zadovoljstvo da \u010dujem Va\u0161e mi\u0161ljenje!\u00a0 Poslovne saradnje i pozivnice Mr.M by Marko Tadi\u0107 blog predstavlja jednu retku riznicu u kojoj mo\u017eete prona\u0107i sve \u0161to Vas zanima o modi, putovanjima i na\u010dinu \u017eivota (lifestyle). Za sva pitanja u vezi rada na blogu,&#8230; <span class=\"more\"><a class=\"more-link\" href=\"https:\/\/mrm-style.com\/sr\/kontakt\/\">Read More<\/a><\/span><\/p>\n","protected":false},"author":1,"featured_media":4036,"parent":0,"menu_order":4,"comment_status":"closed","ping_status":"closed","template":"","meta":{"om_disable_all_campaigns":false,"_monsterinsights_skip_tracking":false,"_monsterinsights_sitenote_active":false,"_monsterinsights_sitenote_note":"","_monsterinsights_sitenote_category":0,"footnotes":""},"class_list":["post-855","page","type-page","status-publish","has-post-thumbnail","hentry"],"aioseo_notices":[],"_links":{"self":[{"href":"https:\/\/mrm-style.com\/sr\/wp-json\/wp\/v2\/pages\/855","targetHints":{"allow":["GET"]}}],"collection":[{"href":"https:\/\/mrm-style.com\/sr\/wp-json\/wp\/v2\/pages"}],"about":[{"href":"https:\/\/mrm-style.com\/sr\/wp-json\/wp\/v2\/types\/page"}],"author":[{"embeddable":true,"href":"https:\/\/mrm-style.com\/sr\/wp-json\/wp\/v2\/users\/1"}],"replies":[{"embeddable":true,"href":"https:\/\/mrm-style.com\/sr\/wp-json\/wp\/v2\/comments?post=855"}],"version-history":[{"count":14,"href":"https:\/\/mrm-style.com\/sr\/wp-json\/wp\/v2\/pages\/855\/revisions"}],"predecessor-version":[{"id":18618,"href":"https:\/\/mrm-style.com\/sr\/wp-json\/wp\/v2\/pages\/855\/revisions\/18618"}],"wp:featuredmedia":[{"embeddable":true,"href":"https:\/\/mrm-style.com\/sr\/wp-json\/wp\/v2\/media\/4036"}],"wp:attachment":[{"href":"https:\/\/mrm-style.com\/sr\/wp-json\/wp\/v2\/media?parent=855"}],"curies":[{"name":"wp","href":"https:\/\/api.w.org\/{rel}","templated":true}]}}