{"id":857,"date":"2015-04-22T14:44:37","date_gmt":"2015-04-22T14:44:37","guid":{"rendered":"http:\/\/themes.pixelwars.org\/editor\/?page_id=857"},"modified":"2025-12-27T09:22:57","modified_gmt":"2025-12-27T08:22:57","slug":"o-meni","status":"publish","type":"page","link":"https:\/\/mrm-style.com\/sr\/o-meni\/","title":{"rendered":"O meni"},"content":{"rendered":"<h4>Ko je Mr.M?<\/h4>\n<p>Za po\u010detak: Dobrodo\u0161li! Veoma sam uzbu\u0111en \u0161to ste ovde! Ovo je moja oaza mira i mesto gde mojoj sre\u0107i nema kraja!<\/p>\n<p>Ko je Mr.M? Jedan obi\u010dan de\u010dko iz kraja, sa vi\u0161kom kreativnosti, pustolov, veliki sanjar. Imao je veliku sre\u0107u da mu je sestra dala ime Marko davne 1992. godine. Uvek je i\u0161ao ispred svoje generacije, tra\u017eio &#8220;ono&#8221; vi\u0161e od \u017eivota. Mr.M by Marko Tadi\u0107, nije obi\u010dan blog. To je online dnevnik o de\u0161avanjima i stvarima koje nas okruzuju u svakodnevnom \u017eivotu, kao sto su moda, putovanja i mnoge druge lepe stvari koje \u010dine na\u0161 \u017eivot zanimljivijim i lep\u0161im.<\/p>\n<p>Ovaj sajt predstavlja jedan veseli elektronski dnevnik jednog modnog pustolova koji \u017eivi negde izme\u0111u Beograda i Berlina za kojeg ne postoje granice. Da li je Zemlja okrugla? &#8211; Ne znam, ali znam da \u0107u se potruditi da napravim jedan \u0111ir!<\/p>\n<p>Mr.M ljudima pokazuje svet na malo druga\u010diji nacin. Ljudi su danas prezauzeti, ali svako od nas voli da ima onih svojih &#8220;5 minuta&#8221; koje posveti sebi i pro\u010dita ne\u0161to zanimljivo, da se jednostavno malo opusti. Mr.M by Marko Tadi\u0107 je mesto za prave ljubitelje mode, gde mogu uz \u0161olju kafe, toplog \u010daja ili neku dobru poslasticu u\u017eivati u\u00a0 pri\u010dama o najnovijim modnim trendovima i mojim avanturama sa putovanja!<\/p>\n<p>Da li ste nekada \u010duli za urbanu klasiku? Niste?! Bi\u0107e mi zadovoljstvo da vas upoznam!<\/p>\n<p><em>Blogerski pozdrav!<\/em><\/p>\n<p><strong>Marko<\/strong><\/p>\n<h2><\/h2>\n","protected":false},"excerpt":{"rendered":"<p>Ko je Mr.M? Za po\u010detak: Dobrodo\u0161li! Veoma sam uzbu\u0111en \u0161to ste ovde! Ovo je moja oaza mira i mesto gde mojoj sre\u0107i nema kraja! Ko je Mr.M? Jedan obi\u010dan de\u010dko iz kraja, sa vi\u0161kom kreativnosti, pustolov, veliki sanjar. Imao je veliku sre\u0107u da mu je sestra dala ime Marko davne 1992. godine. Uvek je i\u0161ao ispred svoje generacije, tra\u017eio &#8220;ono&#8221; vi\u0161e od \u017eivota. Mr.M by Marko Tadi\u0107, nije obi\u010dan blog. To je online dnevnik o de\u0161avanjima i stvarima koje nas okruzuju u svakodnevnom \u017eivotu, kao sto su moda, putovanja i&#8230; <span class=\"more\"><a class=\"more-link\" href=\"https:\/\/mrm-style.com\/sr\/o-meni\/\">Read More<\/a><\/span><\/p>\n","protected":false},"author":1,"featured_media":4844,"parent":0,"menu_order":3,"comment_status":"closed","ping_status":"closed","template":"page_template-narrow.php","meta":{"om_disable_all_campaigns":false,"_monsterinsights_skip_tracking":false,"_monsterinsights_sitenote_active":false,"_monsterinsights_sitenote_note":"","_monsterinsights_sitenote_category":0,"footnotes":""},"class_list":["post-857","page","type-page","status-publish","has-post-thumbnail","hentry"],"aioseo_notices":[],"_links":{"self":[{"href":"https:\/\/mrm-style.com\/sr\/wp-json\/wp\/v2\/pages\/857","targetHints":{"allow":["GET"]}}],"collection":[{"href":"https:\/\/mrm-style.com\/sr\/wp-json\/wp\/v2\/pages"}],"about":[{"href":"https:\/\/mrm-style.com\/sr\/wp-json\/wp\/v2\/types\/page"}],"author":[{"embeddable":true,"href":"https:\/\/mrm-style.com\/sr\/wp-json\/wp\/v2\/users\/1"}],"replies":[{"embeddable":true,"href":"https:\/\/mrm-style.com\/sr\/wp-json\/wp\/v2\/comments?post=857"}],"version-history":[{"count":55,"href":"https:\/\/mrm-style.com\/sr\/wp-json\/wp\/v2\/pages\/857\/revisions"}],"predecessor-version":[{"id":18620,"href":"https:\/\/mrm-style.com\/sr\/wp-json\/wp\/v2\/pages\/857\/revisions\/18620"}],"wp:featuredmedia":[{"embeddable":true,"href":"https:\/\/mrm-style.com\/sr\/wp-json\/wp\/v2\/media\/4844"}],"wp:attachment":[{"href":"https:\/\/mrm-style.com\/sr\/wp-json\/wp\/v2\/media?parent=857"}],"curies":[{"name":"wp","href":"https:\/\/api.w.org\/{rel}","templated":true}]}}